{"id":370,"date":"2024-07-24T13:52:09","date_gmt":"2024-07-24T11:52:09","guid":{"rendered":"https:\/\/cheerful-ben373d28f5149f.wordpress.com\/?page_id=6"},"modified":"2026-03-20T22:47:28","modified_gmt":"2026-03-20T21:47:28","slug":"nos-producteurs-japonais","status":"publish","type":"page","link":"https:\/\/www.takumispirit.fr\/index.php\/nos-producteurs-japonais\/","title":{"rendered":"Nos producteurs japonais"},"content":{"rendered":"\n<div class=\"wp-block-media-text alignfull is-stacked-on-mobile\" style=\"grid-template-columns:48% auto\"><figure class=\"wp-block-media-text__media\"><img loading=\"lazy\" decoding=\"async\" width=\"733\" height=\"872\" src=\"https:\/\/www.takumispirit.fr\/wp-content\/uploads\/2026\/03\/jp.jpg\" alt=\"\" class=\"wp-image-548 size-full\" srcset=\"https:\/\/www.takumispirit.fr\/wp-content\/uploads\/2026\/03\/jp.jpg 733w, https:\/\/www.takumispirit.fr\/wp-content\/uploads\/2026\/03\/jp-252x300.jpg 252w\" sizes=\"auto, (max-width: 733px) 100vw, 733px\" \/><\/figure><div class=\"wp-block-media-text__content\">\n<p class=\"has-text-align-justify\">Si le Japon est r\u00e9put\u00e9 pour ses whiskies et gins, il a aussi une tr\u00e8s longue histoire de production d&#8217;autres boissons alcoolis\u00e9es traditionnelles, tout aussi abouties et cr\u00e9atives. Les d\u00e9sormais c\u00e9l\u00e8bres sak\u00e9s bien s\u00fbr; mais aussi les <em>sh\u014dch\u016b<\/em>, ces spiritueux traditionnels \u00e9labor\u00e9s \u00e0 partir de divers ingr\u00e9dients, ou encore les <em>umeshu<\/em>, ces liqueurs de prunes gourmandes et fruit\u00e9es.<\/p>\n\n\n\n<p class=\"has-text-align-justify\">Des productions issues de savoir-faire ancestraux, perfectionn\u00e9s \u00e0 travers les \u00e2ges et les \u00e9volutions technologiques et fermement ancr\u00e9es dans des terroirs s\u00e9culaires qu&#8217;elles mettent \u00e0 l&#8217;honneur en s&#8217;approvisionnant en circuits cours et en valorisant les ingr\u00e9dients qui y sont s\u00e9lectionn\u00e9s.  <\/p>\n\n\n\n<p class=\"has-text-align-justify\">Nos producteurs ont \u00e9t\u00e9 s\u00e9lectionn\u00e9s pour le soin m\u00e9ticuleux avec lequel ils \u00e9laborent chacune de leurs cuv\u00e9es, leur proximit\u00e9 avec leurs terroirs et les producteurs qui les font vivre, et les techniques artisanales et traditionnelles qu&#8217;ils utilisent pour donner vie \u00e0 des boissons aussi \u00e9l\u00e9gantes qu&#8217;expressives, v\u00e9ritables odes \u00e0 une histoire, des traditions et aux personnes qui participent \u00e0 leur cr\u00e9ation (du producteur agricole au distillateur).<\/p>\n\n\n\n<p class=\"has-text-align-justify\">Pour s\u00e9lectionner et accompagner nos producteurs partenaires dans leur d\u00e9veloppement, nous leur rendons r\u00e9guli\u00e8rement visite au Japon. C\u2019est ainsi que nous constituons nos gammes de p\u00e9pites d\u00e9nich\u00e9es lors de ces voyages \u00ab&nbsp;alambiqu\u00e9s&nbsp;\u00bb au Pays du Soleil Levant&nbsp;!<\/p>\n<\/div><\/div>\n\n\n\n<p><\/p>\n\n\n\n<div class=\"wp-block-group alignfull is-content-justification-center is-layout-constrained wp-container-core-group-is-layout-df757ecc wp-block-group-is-layout-constrained\" style=\"margin-top:0;margin-bottom:0;padding-top:calc( 0.5 * var(--wp--style--root--padding-right, var(--wp--custom--gap--horizontal)));padding-right:var(--wp--style--root--padding-right, var(--wp--custom--gap--horizontal));padding-bottom:calc( 0.5 * var(--wp--style--root--padding-right, var(--wp--custom--gap--horizontal)));padding-left:var(--wp--style--root--padding-left, var(--wp--custom--gap--horizontal))\">\n<div style=\"height:calc( 0.25 * var(--wp--style--root--padding-right, var(--wp--custom--gap--horizontal)))\" aria-hidden=\"true\" class=\"wp-block-spacer\"><\/div>\n\n\n\n<div class=\"wp-block-columns alignwide is-layout-flex wp-container-core-columns-is-layout-5b525043 wp-block-columns-is-layout-flex\">\n<div class=\"wp-block-column is-layout-flow wp-block-column-is-layout-flow\">\n<figure class=\"wp-block-image size-full\"><img loading=\"lazy\" decoding=\"async\" width=\"800\" height=\"554\" src=\"https:\/\/cheerful-ben373d28f5149f.wordpress.com\/wp-content\/uploads\/2024\/07\/kaiyo.jpg\" alt=\"\" class=\"wp-image-81\" style=\"aspect-ratio:1;object-fit:cover\" srcset=\"https:\/\/www.takumispirit.fr\/wp-content\/uploads\/2024\/07\/kaiyo.jpg 800w, https:\/\/www.takumispirit.fr\/wp-content\/uploads\/2024\/07\/kaiyo-300x208.jpg 300w, https:\/\/www.takumispirit.fr\/wp-content\/uploads\/2024\/07\/kaiyo-768x532.jpg 768w\" sizes=\"auto, (max-width: 800px) 100vw, 800px\" \/><\/figure>\n\n\n\n<h3 class=\"wp-block-heading has-text-align-center has-medium-font-size\"><strong>KAIYO<\/strong>, whisky Pure Malt japonais \u00e9lev\u00e9s en f\u00fbts rares et matur\u00e9s en mer<\/h3>\n\n\n\n<p class=\"has-text-align-center\">Kaiyo poss\u00e8de l&#8217;un des plus grands stocks de f\u00fbts de ch\u00eane Mizunara au monde ainsi que d&#8217;autres essences rares. Un parti pris de son ma\u00eetre de chai, Jeffrey Karlovitch, passionn\u00e9 d&#8217;\u00e9levages et de vois. Autre sp\u00e9cificit\u00e9 de la maison, ses whiskies font un voyage en mer, en f\u00fbts, de 3 mois (la <em>maturation dynamique<\/em>) qui leur offre des propri\u00e9t\u00e9s uniques.<br><\/p>\n\n\n\n<div class=\"wp-block-buttons is-content-justification-center is-layout-flex wp-container-core-buttons-is-layout-a89b3969 wp-block-buttons-is-layout-flex\">\n<div class=\"wp-block-button\"><a class=\"wp-block-button__link wp-element-button\" href=\"https:\/\/www.takumispirit.fr\/index.php\/kaiyo\/\">D\u00e9couvrez Kaiyo<\/a><\/div>\n<\/div>\n<\/div>\n\n\n\n<div class=\"wp-block-column is-layout-flow wp-block-column-is-layout-flow\">\n<figure class=\"wp-block-image size-full\"><img loading=\"lazy\" decoding=\"async\" width=\"800\" height=\"632\" src=\"https:\/\/cheerful-ben373d28f5149f.wordpress.com\/wp-content\/uploads\/2024\/07\/machida.jpg\" alt=\"\" class=\"wp-image-88\" style=\"aspect-ratio:1;object-fit:cover\" srcset=\"https:\/\/www.takumispirit.fr\/wp-content\/uploads\/2024\/07\/machida.jpg 800w, https:\/\/www.takumispirit.fr\/wp-content\/uploads\/2024\/07\/machida-300x237.jpg 300w, https:\/\/www.takumispirit.fr\/wp-content\/uploads\/2024\/07\/machida-768x607.jpg 768w\" sizes=\"auto, (max-width: 800px) 100vw, 800px\" \/><\/figure>\n\n\n\n<h3 class=\"wp-block-heading has-text-align-center has-medium-font-size\"><strong>MACHIDA SHUZO<\/strong>, <em>sh\u014dch\u016b<\/em>&nbsp;de sucre muscovado modernistes et \u00e9l\u00e9gants<\/h3>\n\n\n\n<p class=\"has-text-align-center\">Machida Shuzo est une relativement jeune distillerie de <em>sh\u014dch\u016b<\/em>&nbsp;qui s&#8217;est d&#8217;ores et d\u00e9j\u00e0 taill\u00e9e une belle r\u00e9putation au Japon pour ses productions modernistes et \u00e9l\u00e9gantes. Le sucre muscovado est mis \u00e0 l&#8217;honneur \u00e0 travers des cuv\u00e9es distill\u00e9es en atmosph\u00e9rique ou sous-vide et, dans certains cas, vieillies en f\u00fbts (fait rare dans l&#8217;univers des <em>sh\u014dch\u016b<\/em>).<br><\/p>\n\n\n\n<div class=\"wp-block-buttons is-content-justification-center is-layout-flex wp-container-core-buttons-is-layout-a89b3969 wp-block-buttons-is-layout-flex\">\n<div class=\"wp-block-button\"><a class=\"wp-block-button__link wp-element-button\" href=\"https:\/\/www.takumispirit.fr\/index.php\/machida-shuzo\/\">D\u00e9couvrez Machida Shuzo<\/a><\/div>\n<\/div>\n<\/div>\n\n\n\n<div class=\"wp-block-column is-layout-flow wp-block-column-is-layout-flow\">\n<figure class=\"wp-block-image size-full\"><img decoding=\"async\" src=\"https:\/\/cheerful-ben373d28f5149f.wordpress.com\/wp-content\/uploads\/2024\/07\/himeizumi.jpg\" alt=\"\" class=\"wp-image-89\" style=\"aspect-ratio:1;object-fit:cover\"\/><\/figure>\n\n\n\n<h3 class=\"wp-block-heading has-text-align-center has-medium-font-size\"><strong>HIMEIZUMI SHUZO<\/strong>, <em>sh\u014dch\u016b<\/em>&nbsp;artisanaux non filtr\u00e9s pr\u00e9cis et expressifs<\/h3>\n\n\n\n<p class=\"has-text-align-center\">Himeizumi Shuzo est l&#8217;une des plus anciennes distilleries de <em>sh\u014dch\u016b<\/em>&nbsp;mais aussi une pionni\u00e8re du secteur. Elle fut notamment la premi\u00e8re \u00e0 se lancer dans la production de <em>sh\u014dch\u016b<\/em>&nbsp;de riz gluant (le riz mochi) en 1967, qui on rejoint sa gamme d\u00e9j\u00e0 large de spiritueux \u00e0 base de patates douces, d&#8217;orge et de sarrasin. Des cuv\u00e9es non filtr\u00e9es pour laisser s&#8217;exprimer pleinement les ingr\u00e9dients.<br><\/p>\n\n\n\n<div class=\"wp-block-buttons is-content-justification-center is-layout-flex wp-container-core-buttons-is-layout-a89b3969 wp-block-buttons-is-layout-flex\">\n<div class=\"wp-block-button\"><a class=\"wp-block-button__link wp-element-button\" href=\"https:\/\/www.takumispirit.fr\/index.php\/himeizumi-shuzo\/\">D\u00e9couvrez Himeizumi Shuzo<\/a><\/div>\n<\/div>\n\n\n\n<p><\/p>\n<\/div>\n<\/div>\n\n\n\n<div class=\"wp-block-group alignfull is-content-justification-center is-layout-constrained wp-container-core-group-is-layout-df757ecc wp-block-group-is-layout-constrained\" style=\"margin-top:0;margin-bottom:0;padding-top:calc( 0.5 * var(--wp--style--root--padding-right, var(--wp--custom--gap--horizontal)));padding-right:var(--wp--style--root--padding-right, var(--wp--custom--gap--horizontal));padding-bottom:calc( 0.5 * var(--wp--style--root--padding-right, var(--wp--custom--gap--horizontal)));padding-left:var(--wp--style--root--padding-left, var(--wp--custom--gap--horizontal))\">\n<div class=\"wp-block-columns alignwide is-layout-flex wp-container-core-columns-is-layout-5b525043 wp-block-columns-is-layout-flex\">\n<div class=\"wp-block-column is-layout-flow wp-block-column-is-layout-flow\">\n<figure class=\"wp-block-image size-full\"><img loading=\"lazy\" decoding=\"async\" width=\"1500\" height=\"1000\" src=\"https:\/\/www.takumispirit.fr\/wp-content\/uploads\/2026\/02\/Generated-Image-February-11-2026-7_20PM-4.png\" alt=\"\" class=\"wp-image-536\" style=\"aspect-ratio:1;object-fit:cover\" srcset=\"https:\/\/www.takumispirit.fr\/wp-content\/uploads\/2026\/02\/Generated-Image-February-11-2026-7_20PM-4.png 1500w, https:\/\/www.takumispirit.fr\/wp-content\/uploads\/2026\/02\/Generated-Image-February-11-2026-7_20PM-4-300x200.png 300w, https:\/\/www.takumispirit.fr\/wp-content\/uploads\/2026\/02\/Generated-Image-February-11-2026-7_20PM-4-1024x683.png 1024w, https:\/\/www.takumispirit.fr\/wp-content\/uploads\/2026\/02\/Generated-Image-February-11-2026-7_20PM-4-768x512.png 768w\" sizes=\"auto, (max-width: 1500px) 100vw, 1500px\" \/><\/figure>\n\n\n\n<h3 class=\"wp-block-heading has-text-align-center has-medium-font-size\"><strong>MOHODORI DISTILLERY<\/strong>, des eaux-de-vie de pommes gourmandes et fruit\u00e9es<\/h3>\n\n\n\n<p class=\"has-text-align-center\">Mohodori Distillery s&#8217;inspire des eaux-de-vie de pommes fran\u00e7aises pour se les r\u00e9approprier \u00e0 travers des cuv\u00e9es fra\u00eeches et gourmandes, \u00e9labor\u00e9es \u00e0 partir de vari\u00e9t\u00e9s de pommes locales, dans une dynamique soci\u00e9tale de protection de la fili\u00e8re arboricole d&#8217;Aomori. Inspirations Calvados, Brandy et Pommeau \u00e0 la sauce japonaise.<\/p>\n\n\n\n<div class=\"wp-block-buttons is-content-justification-center is-layout-flex wp-container-core-buttons-is-layout-a89b3969 wp-block-buttons-is-layout-flex\">\n<div class=\"wp-block-button\"><a class=\"wp-block-button__link wp-element-button\" href=\"https:\/\/www.takumispirit.fr\/index.php\/mohodori-distillery\/\">D\u00e9couvrez Mohodori Distillery<\/a><\/div>\n<\/div>\n<\/div>\n\n\n\n<div class=\"wp-block-column is-layout-flow wp-block-column-is-layout-flow\">\n<figure class=\"wp-block-image size-full\"><img decoding=\"async\" src=\"https:\/\/cheerful-ben373d28f5149f.wordpress.com\/wp-content\/uploads\/2024\/07\/niiro.jpg\" alt=\"\" class=\"wp-image-91\" style=\"aspect-ratio:1;object-fit:cover\"\/><\/figure>\n\n\n\n<h3 class=\"wp-block-heading has-text-align-center has-medium-font-size\"><strong>NIIRO SHUZO<\/strong>, des <em>sh\u014dch\u016b<\/em> de sucre muscovado complexes et profonds<\/h3>\n\n\n\n<p class=\"has-text-align-center\">D\u00e9truite \u00e0 plusieurs reprises (raids a\u00e9riens pendant guerre et typhon en 1977), la distillerie est un symbole de r\u00e9silience. Distillations atmosph\u00e9rique, maturations en jarres en c\u00e9ramique, la maison honore les techniques ancestrales \u00e0 travers des cuv\u00e9es rares et pr\u00e9cises, o\u00f9 le sucre muscovado se r\u00e9v\u00e8le dans toute sa complexit\u00e9.<\/p>\n\n\n\n<div class=\"wp-block-buttons is-content-justification-center is-layout-flex wp-container-core-buttons-is-layout-a89b3969 wp-block-buttons-is-layout-flex\">\n<div class=\"wp-block-button\"><a class=\"wp-block-button__link wp-element-button\" href=\"https:\/\/www.takumispirit.fr\/index.php\/niiro-shuzo\/\">D\u00e9couvrez Niiro Shuzo<\/a><\/div>\n<\/div>\n<\/div>\n\n\n\n<div class=\"wp-block-column is-layout-flow wp-block-column-is-layout-flow\">\n<figure class=\"wp-block-image size-full\"><img decoding=\"async\" src=\"https:\/\/cheerful-ben373d28f5149f.wordpress.com\/wp-content\/uploads\/2024\/07\/wakasa-1.jpg\" alt=\"\" class=\"wp-image-93\" style=\"aspect-ratio:1;object-fit:cover\"\/><\/figure>\n\n\n\n<h3 class=\"wp-block-heading has-text-align-center has-medium-font-size\"><strong>WAKASA MIKATA BEVERAGE<\/strong>, des <em>umeshu<\/em> gourmands et acidul\u00e9s<\/h3>\n\n\n\n<p class=\"has-text-align-center\">La liquoristerie est implant\u00e9e dans l&#8217;un des principaux terroirs de production, \u00e0 proximit\u00e9 d&#8217;un champs de 80 000 pruniers, et travaille sur des mac\u00e9rations de fruits \u00e0 sous-maturation. Une technique locale qui donne des liqueurs fra\u00eeches, l\u00e9g\u00e8res et acidul\u00e9es, parfaites en ap\u00e9ritif, en accompagnement de plat ou en cocktails.<\/p>\n\n\n\n<div class=\"wp-block-buttons is-content-justification-center is-layout-flex wp-container-core-buttons-is-layout-a89b3969 wp-block-buttons-is-layout-flex\">\n<div class=\"wp-block-button\"><a class=\"wp-block-button__link wp-element-button\" href=\"https:\/\/www.takumispirit.fr\/index.php\/wakasa-mikata-beverage\/\">D\u00e9couvrez Wakasa Mikata Bev.<\/a><\/div>\n<\/div>\n<\/div>\n<\/div>\n<\/div>\n<\/div>\n\n\n\n<p><\/p>\n\n\n\n<p><\/p>\n\n\n\n<div class=\"wp-block-group alignfull is-content-justification-center is-layout-constrained wp-container-core-group-is-layout-df757ecc wp-block-group-is-layout-constrained\" style=\"margin-top:0;margin-bottom:0;padding-top:calc( 0.5 * var(--wp--style--root--padding-right, var(--wp--custom--gap--horizontal)));padding-right:var(--wp--style--root--padding-right, var(--wp--custom--gap--horizontal));padding-bottom:calc( 0.5 * var(--wp--style--root--padding-right, var(--wp--custom--gap--horizontal)));padding-left:var(--wp--style--root--padding-left, var(--wp--custom--gap--horizontal))\">\n<div class=\"wp-block-columns alignwide is-layout-flex wp-container-core-columns-is-layout-5b525043 wp-block-columns-is-layout-flex\">\n<div class=\"wp-block-column is-layout-flow wp-block-column-is-layout-flow\">\n<figure class=\"wp-block-image size-full\"><img loading=\"lazy\" decoding=\"async\" width=\"645\" height=\"600\" src=\"http:\/\/www.takumispirit.fr\/wp-content\/uploads\/2024\/07\/hamada-4.jpg\" alt=\"\" class=\"wp-image-192\" style=\"aspect-ratio:1;object-fit:cover\" srcset=\"https:\/\/www.takumispirit.fr\/wp-content\/uploads\/2024\/07\/hamada-4.jpg 645w, https:\/\/www.takumispirit.fr\/wp-content\/uploads\/2024\/07\/hamada-4-300x279.jpg 300w\" sizes=\"auto, (max-width: 645px) 100vw, 645px\" \/><\/figure>\n\n\n\n<h3 class=\"wp-block-heading has-text-align-center has-medium-font-size\"><strong>HAMADA<\/strong>, des liqueurs <em>umeshu<\/em> vieillies onctueuses, complexes et fruit\u00e9es<\/h3>\n\n\n\n<p class=\"has-text-align-center\">Hamada est implant\u00e9 \u00e0 proximit\u00e9 d&#8217;un des plus anciens vergers de prunes <em>Ume<\/em> du Japon, dans la vall\u00e9e d&#8217;Ishigami. Ils travaillent sur des de fruits tr\u00e8s m\u00fbrs, r\u00e9colt\u00e9s apr\u00e8s \u00eatre tomb\u00e9s de l&#8217;arbre et mis \u00e0 mac\u00e9ration dans les 24h apr\u00e8s la r\u00e9colte. Une technique locale qui donne des liqueurs onctueuses, fruit\u00e9es et charnues. Parfaites en d\u00e9gustation, en accompagnement ou nappages.<br><\/p>\n\n\n\n<div class=\"wp-block-buttons is-content-justification-center is-layout-flex wp-container-core-buttons-is-layout-a89b3969 wp-block-buttons-is-layout-flex\">\n<div class=\"wp-block-button\"><a class=\"wp-block-button__link wp-element-button\" href=\"https:\/\/www.takumispirit.fr\/index.php\/hamada-2-3\/\">D\u00e9couvrez Hamada<\/a><\/div>\n<\/div>\n<\/div>\n\n\n\n<div class=\"wp-block-column is-layout-flow wp-block-column-is-layout-flow\">\n<h3 class=\"wp-block-heading has-text-align-center has-medium-font-size\"><\/h3>\n<\/div>\n\n\n\n<div class=\"wp-block-column is-layout-flow wp-block-column-is-layout-flow\">\n<figure class=\"wp-block-image size-full\"><img loading=\"lazy\" decoding=\"async\" width=\"506\" height=\"499\" src=\"https:\/\/www.takumispirit.fr\/wp-content\/uploads\/2026\/03\/daada.jpg\" alt=\"\" class=\"wp-image-577\" style=\"aspect-ratio:1;object-fit:cover\" srcset=\"https:\/\/www.takumispirit.fr\/wp-content\/uploads\/2026\/03\/daada.jpg 506w, https:\/\/www.takumispirit.fr\/wp-content\/uploads\/2026\/03\/daada-300x296.jpg 300w\" sizes=\"auto, (max-width: 506px) 100vw, 506px\" \/><\/figure>\n\n\n\n<h3 class=\"wp-block-heading has-text-align-center has-medium-font-size\"><strong>IKI NO KURA<\/strong>, gin et liqueurs cr\u00e9atifs, \u00e0 l&#8217;honneur du terroir local<\/h3>\n\n\n\n<p class=\"has-text-align-center\">Iki no Kura est implant\u00e9 depuis 1984 sur l&#8217;\u00eele d&#8217;Iki, o\u00f9 elle a imm\u00e9diatement rejoint l&#8217;Association Coop\u00e9rative des Shochu d&#8217;Iki, \u00eele au large de Kyushu r\u00e9put\u00e9e pour sa production de shochu d&#8217;orge et berceau de sa production. Rapidement elle se diversifie pour cr\u00e9er des boissons toujours plus cr\u00e9atives et novatrices, dont un gin innovant et des liqueurs rafra\u00eechissantes.<br><\/p>\n\n\n\n<div class=\"wp-block-buttons is-content-justification-center is-layout-flex wp-container-core-buttons-is-layout-a89b3969 wp-block-buttons-is-layout-flex\">\n<div class=\"wp-block-button\"><a class=\"wp-block-button__link wp-element-button\" href=\"https:\/\/www.takumispirit.fr\/index.php\/iki-no-kura\/\">D\u00e9couvrez Iki no Kura<\/a><\/div>\n<\/div>\n<\/div>\n<\/div>\n\n\n\n<div style=\"height:calc( 0.25 * var(--wp--style--root--padding-right, var(--wp--custom--gap--horizontal)))\" aria-hidden=\"true\" class=\"wp-block-spacer\"><\/div>\n<\/div>\n","protected":false},"excerpt":{"rendered":"<p>Si le Japon est r\u00e9put\u00e9 pour ses whiskies et gins, il a aussi une tr\u00e8s longue histoire de production d&#8217;autres boissons alcoolis\u00e9es traditionnelles, tout aussi abouties et cr\u00e9atives. Les d\u00e9sormais c\u00e9l\u00e8bres sak\u00e9s bien s\u00fbr; mais aussi les sh\u014dch\u016b, ces spiritueux traditionnels \u00e9labor\u00e9s \u00e0 partir de divers ingr\u00e9dients, ou encore les umeshu, ces liqueurs de prunes [&hellip;]<\/p>\n","protected":false},"author":1,"featured_media":0,"parent":0,"menu_order":0,"comment_status":"closed","ping_status":"closed","template":"","meta":{"footnotes":""},"class_list":["post-370","page","type-page","status-publish","hentry"],"_links":{"self":[{"href":"https:\/\/www.takumispirit.fr\/index.php\/wp-json\/wp\/v2\/pages\/370","targetHints":{"allow":["GET"]}}],"collection":[{"href":"https:\/\/www.takumispirit.fr\/index.php\/wp-json\/wp\/v2\/pages"}],"about":[{"href":"https:\/\/www.takumispirit.fr\/index.php\/wp-json\/wp\/v2\/types\/page"}],"author":[{"embeddable":true,"href":"https:\/\/www.takumispirit.fr\/index.php\/wp-json\/wp\/v2\/users\/1"}],"replies":[{"embeddable":true,"href":"https:\/\/www.takumispirit.fr\/index.php\/wp-json\/wp\/v2\/comments?post=370"}],"version-history":[{"count":8,"href":"https:\/\/www.takumispirit.fr\/index.php\/wp-json\/wp\/v2\/pages\/370\/revisions"}],"predecessor-version":[{"id":578,"href":"https:\/\/www.takumispirit.fr\/index.php\/wp-json\/wp\/v2\/pages\/370\/revisions\/578"}],"wp:attachment":[{"href":"https:\/\/www.takumispirit.fr\/index.php\/wp-json\/wp\/v2\/media?parent=370"}],"curies":[{"name":"wp","href":"https:\/\/api.w.org\/{rel}","templated":true}]}}